{"id":26962,"date":"2025-05-16T08:37:23","date_gmt":"2025-05-16T08:37:23","guid":{"rendered":"https:\/\/www.ofismer.com\/?post_type=product&#038;p=26962"},"modified":"2026-02-09T14:56:17","modified_gmt":"2026-02-09T14:56:17","slug":"chance-dolap","status":"publish","type":"product","link":"https:\/\/www.ofismer.com\/index.php\/urun\/chance-dolap\/","title":{"rendered":"Chance dolap"},"content":{"rendered":"<p><strong data-start=\"445\" data-end=\"461\">Chance Dolap<\/strong>, modern ofisler i\u00e7in tasarlanm\u0131\u015f i\u015flevsel ve estetik bir depolama \u00fcnitesidir. Kaliteli malzemelerle \u00fcretilmi\u015f olan Chance dolap, geni\u015f i\u00e7 hacmiyle dosya ve evraklar\u0131n\u0131z\u0131 d\u00fczenlemenize yard\u0131mc\u0131 olur. Zarif tasar\u0131m\u0131, ofisinizde \u015f\u0131kl\u0131k ve profesyonellik yarat\u0131r. Dayan\u0131kl\u0131 yap\u0131s\u0131 sayesinde uzun \u00f6m\u00fcrl\u00fc kullan\u0131m sa\u011flar. Chance dolap, hem kullan\u0131m kolayl\u0131\u011f\u0131 hem de g\u00f6rsel olarak ofis d\u00fczeninizi tamamlayan ideal bir \u00e7\u00f6z\u00fcmd\u00fcr.<\/p>\n","protected":false},"excerpt":{"rendered":"<p>Chance dolap, geni\u015f i\u00e7 hacmiyle dosya ve evraklar\u0131n\u0131z\u0131 d\u00fczenlemenize yard\u0131mc\u0131 olur. Zarif tasar\u0131m\u0131, ofisinizde \u015f\u0131kl\u0131k ve profesyonellik yarat\u0131r.<\/p>\n","protected":false},"featured_media":51,"comment_status":"open","ping_status":"closed","template":"","meta":[],"product_brand":[],"product_cat":[248],"product_tag":[249],"class_list":{"0":"post-26962","1":"product","2":"type-product","3":"status-publish","4":"has-post-thumbnail","6":"product_cat-ofis-dolaplari","7":"product_tag-chance-dolap","9":"first","10":"instock","11":"taxable","12":"shipping-taxable","13":"purchasable","14":"product-type-variable","15":"has-default-attributes"},"_links":{"self":[{"href":"https:\/\/www.ofismer.com\/index.php\/wp-json\/wp\/v2\/product\/26962","targetHints":{"allow":["GET"]}}],"collection":[{"href":"https:\/\/www.ofismer.com\/index.php\/wp-json\/wp\/v2\/product"}],"about":[{"href":"https:\/\/www.ofismer.com\/index.php\/wp-json\/wp\/v2\/types\/product"}],"replies":[{"embeddable":true,"href":"https:\/\/www.ofismer.com\/index.php\/wp-json\/wp\/v2\/comments?post=26962"}],"version-history":[{"count":0,"href":"https:\/\/www.ofismer.com\/index.php\/wp-json\/wp\/v2\/product\/26962\/revisions"}],"wp:featuredmedia":[{"embeddable":true,"href":"https:\/\/www.ofismer.com\/index.php\/wp-json\/wp\/v2\/media\/51"}],"wp:attachment":[{"href":"https:\/\/www.ofismer.com\/index.php\/wp-json\/wp\/v2\/media?parent=26962"}],"wp:term":[{"taxonomy":"product_brand","embeddable":true,"href":"https:\/\/www.ofismer.com\/index.php\/wp-json\/wp\/v2\/product_brand?post=26962"},{"taxonomy":"product_cat","embeddable":true,"href":"https:\/\/www.ofismer.com\/index.php\/wp-json\/wp\/v2\/product_cat?post=26962"},{"taxonomy":"product_tag","embeddable":true,"href":"https:\/\/www.ofismer.com\/index.php\/wp-json\/wp\/v2\/product_tag?post=26962"}],"curies":[{"name":"wp","href":"https:\/\/api.w.org\/{rel}","templated":true}]}}