{"id":27010,"date":"2025-05-16T10:50:30","date_gmt":"2025-05-16T10:50:30","guid":{"rendered":"https:\/\/www.ofismer.com\/?post_type=product&#038;p=27010"},"modified":"2026-02-09T14:17:31","modified_gmt":"2026-02-09T14:17:31","slug":"ares-dolap","status":"publish","type":"product","link":"https:\/\/www.ofismer.com\/index.php\/urun\/ares-dolap\/","title":{"rendered":"Ares dolap"},"content":{"rendered":"<p><strong data-start=\"448\" data-end=\"462\">Ares Dolap<\/strong>, ofis ortamlar\u0131 i\u00e7in tasarlanm\u0131\u015f dayan\u0131kl\u0131 ve estetik bir depolama \u00e7\u00f6z\u00fcm\u00fcd\u00fcr. Kaliteli malzeme kullan\u0131m\u0131 ve modern tasar\u0131m\u0131yla hem i\u015flevsellik hem de \u015f\u0131kl\u0131k sa\u011flar. Geni\u015f i\u00e7 hacmi sayesinde dosya ve evraklar\u0131n\u0131z\u0131 kolayca organize etmenize olanak tan\u0131r. Ares dolap, profesyonel \u00e7al\u0131\u015fma alanlar\u0131n\u0131 d\u00fczenli tutmak isteyenler i\u00e7in ideal bir tercihtir.<\/p>\n","protected":false},"excerpt":{"rendered":"<p>Ares dolap, modern tasar\u0131m\u0131 ve sa\u011flam yap\u0131s\u0131yla ofisinizde d\u00fczen ve \u015f\u0131kl\u0131\u011f\u0131 bir arada sunar. Fonksiyonel ve geni\u015f depolama alan\u0131.<\/p>\n","protected":false},"featured_media":31,"comment_status":"open","ping_status":"closed","template":"","meta":[],"product_brand":[],"product_cat":[248],"product_tag":[254],"class_list":{"0":"post-27010","1":"product","2":"type-product","3":"status-publish","4":"has-post-thumbnail","6":"product_cat-ofis-dolaplari","7":"product_tag-ares-dolap","9":"first","10":"instock","11":"taxable","12":"shipping-taxable","13":"purchasable","14":"product-type-variable","15":"has-default-attributes"},"_links":{"self":[{"href":"https:\/\/www.ofismer.com\/index.php\/wp-json\/wp\/v2\/product\/27010","targetHints":{"allow":["GET"]}}],"collection":[{"href":"https:\/\/www.ofismer.com\/index.php\/wp-json\/wp\/v2\/product"}],"about":[{"href":"https:\/\/www.ofismer.com\/index.php\/wp-json\/wp\/v2\/types\/product"}],"replies":[{"embeddable":true,"href":"https:\/\/www.ofismer.com\/index.php\/wp-json\/wp\/v2\/comments?post=27010"}],"version-history":[{"count":0,"href":"https:\/\/www.ofismer.com\/index.php\/wp-json\/wp\/v2\/product\/27010\/revisions"}],"wp:featuredmedia":[{"embeddable":true,"href":"https:\/\/www.ofismer.com\/index.php\/wp-json\/wp\/v2\/media\/31"}],"wp:attachment":[{"href":"https:\/\/www.ofismer.com\/index.php\/wp-json\/wp\/v2\/media?parent=27010"}],"wp:term":[{"taxonomy":"product_brand","embeddable":true,"href":"https:\/\/www.ofismer.com\/index.php\/wp-json\/wp\/v2\/product_brand?post=27010"},{"taxonomy":"product_cat","embeddable":true,"href":"https:\/\/www.ofismer.com\/index.php\/wp-json\/wp\/v2\/product_cat?post=27010"},{"taxonomy":"product_tag","embeddable":true,"href":"https:\/\/www.ofismer.com\/index.php\/wp-json\/wp\/v2\/product_tag?post=27010"}],"curies":[{"name":"wp","href":"https:\/\/api.w.org\/{rel}","templated":true}]}}