{"id":27044,"date":"2025-05-16T12:09:13","date_gmt":"2025-05-16T12:09:13","guid":{"rendered":"https:\/\/www.ofismer.com\/?post_type=product&#038;p=27044"},"modified":"2026-02-09T14:16:47","modified_gmt":"2026-02-09T14:16:47","slug":"efor-dolap","status":"publish","type":"product","link":"https:\/\/www.ofismer.com\/index.php\/urun\/efor-dolap\/","title":{"rendered":"Efor dolap"},"content":{"rendered":"<p><strong data-start=\"455\" data-end=\"469\">Efor Dolap<\/strong>, ofis ortamlar\u0131 i\u00e7in tasarlanm\u0131\u015f dayan\u0131kl\u0131 ve fonksiyonel bir depolama \u00e7\u00f6z\u00fcm\u00fcd\u00fcr. Modern \u00e7izgileri ve kaliteli malzeme yap\u0131s\u0131yla ofisinize hem \u015f\u0131kl\u0131k hem de uzun \u00f6m\u00fcrl\u00fc kullan\u0131m getirir. Geni\u015f i\u00e7 hacmi sayesinde dosya ve evraklar\u0131n\u0131z\u0131 rahatl\u0131kla organize etmenize olanak tan\u0131r. Efor dolap, profesyonel \u00e7al\u0131\u015fma alanlar\u0131 i\u00e7in ideal ve kullan\u0131\u015fl\u0131 bir tercih olarak \u00f6ne \u00e7\u0131kar.<\/p>\n","protected":false},"excerpt":{"rendered":"<p>Efor dolap, sa\u011flam yap\u0131s\u0131 ve modern tasar\u0131m\u0131yla ofisinizde d\u00fczen ve estetik sa\u011flar. Geni\u015f depolama alan\u0131 ve fonksiyonel kullan\u0131m sunar.<\/p>\n","protected":false},"featured_media":111,"comment_status":"open","ping_status":"closed","template":"","meta":[],"product_brand":[],"product_cat":[248],"product_tag":[],"class_list":{"0":"post-27044","1":"product","2":"type-product","3":"status-publish","4":"has-post-thumbnail","6":"product_cat-ofis-dolaplari","8":"first","9":"instock","10":"taxable","11":"shipping-taxable","12":"purchasable","13":"product-type-variable","14":"has-default-attributes"},"_links":{"self":[{"href":"https:\/\/www.ofismer.com\/index.php\/wp-json\/wp\/v2\/product\/27044","targetHints":{"allow":["GET"]}}],"collection":[{"href":"https:\/\/www.ofismer.com\/index.php\/wp-json\/wp\/v2\/product"}],"about":[{"href":"https:\/\/www.ofismer.com\/index.php\/wp-json\/wp\/v2\/types\/product"}],"replies":[{"embeddable":true,"href":"https:\/\/www.ofismer.com\/index.php\/wp-json\/wp\/v2\/comments?post=27044"}],"version-history":[{"count":0,"href":"https:\/\/www.ofismer.com\/index.php\/wp-json\/wp\/v2\/product\/27044\/revisions"}],"wp:featuredmedia":[{"embeddable":true,"href":"https:\/\/www.ofismer.com\/index.php\/wp-json\/wp\/v2\/media\/111"}],"wp:attachment":[{"href":"https:\/\/www.ofismer.com\/index.php\/wp-json\/wp\/v2\/media?parent=27044"}],"wp:term":[{"taxonomy":"product_brand","embeddable":true,"href":"https:\/\/www.ofismer.com\/index.php\/wp-json\/wp\/v2\/product_brand?post=27044"},{"taxonomy":"product_cat","embeddable":true,"href":"https:\/\/www.ofismer.com\/index.php\/wp-json\/wp\/v2\/product_cat?post=27044"},{"taxonomy":"product_tag","embeddable":true,"href":"https:\/\/www.ofismer.com\/index.php\/wp-json\/wp\/v2\/product_tag?post=27044"}],"curies":[{"name":"wp","href":"https:\/\/api.w.org\/{rel}","templated":true}]}}