{"id":27120,"date":"2025-05-16T14:44:57","date_gmt":"2025-05-16T14:44:57","guid":{"rendered":"https:\/\/www.ofismer.com\/?post_type=product&#038;p=27120"},"modified":"2026-02-09T14:14:17","modified_gmt":"2026-02-09T14:14:17","slug":"yalin-dolap","status":"publish","type":"product","link":"https:\/\/www.ofismer.com\/index.php\/urun\/yalin-dolap\/","title":{"rendered":"Yal\u0131n dolap"},"content":{"rendered":"<p><strong data-start=\"467\" data-end=\"482\">Yal\u0131n Dolap<\/strong>, sade ve i\u015flevsel tasar\u0131m\u0131yla modern ofisler i\u00e7in ideal bir depolama \u00e7\u00f6z\u00fcm\u00fcd\u00fcr. Minimalist \u00e7izgileri, kaliteli malzeme kullan\u0131m\u0131 ve geni\u015f i\u00e7 hacmiyle ofisinizde d\u00fczen sa\u011flar. Evrak, klas\u00f6r ve ofis malzemelerinizi kolayca organize edebilece\u011finiz bu dolap, \u00e7al\u0131\u015fma alan\u0131n\u0131za zarif bir g\u00f6r\u00fcn\u00fcm kazand\u0131r\u0131r. <strong data-start=\"786\" data-end=\"801\">Yal\u0131n dolap<\/strong>, sadelikten \u00f6d\u00fcn vermeyenler i\u00e7in estetik ve fonksiyonelli\u011fi bir araya getirir.<\/p>\n","protected":false},"excerpt":{"rendered":"<p>Yal\u0131n dolap, minimalist tasar\u0131m\u0131 ve geni\u015f depolama alan\u0131yla modern ofislerde d\u00fczeni ve esteti\u011fi bir araya getirir. Kullan\u0131\u015fl\u0131 ve dayan\u0131kl\u0131 \u00e7\u00f6z\u00fcm.<\/p>\n","protected":false},"featured_media":283,"comment_status":"open","ping_status":"closed","template":"","meta":[],"product_brand":[],"product_cat":[248],"product_tag":[268],"class_list":{"0":"post-27120","1":"product","2":"type-product","3":"status-publish","4":"has-post-thumbnail","6":"product_cat-ofis-dolaplari","7":"product_tag-yalin-dolap","9":"first","10":"instock","11":"taxable","12":"shipping-taxable","13":"purchasable","14":"product-type-variable","15":"has-default-attributes"},"_links":{"self":[{"href":"https:\/\/www.ofismer.com\/index.php\/wp-json\/wp\/v2\/product\/27120","targetHints":{"allow":["GET"]}}],"collection":[{"href":"https:\/\/www.ofismer.com\/index.php\/wp-json\/wp\/v2\/product"}],"about":[{"href":"https:\/\/www.ofismer.com\/index.php\/wp-json\/wp\/v2\/types\/product"}],"replies":[{"embeddable":true,"href":"https:\/\/www.ofismer.com\/index.php\/wp-json\/wp\/v2\/comments?post=27120"}],"version-history":[{"count":0,"href":"https:\/\/www.ofismer.com\/index.php\/wp-json\/wp\/v2\/product\/27120\/revisions"}],"wp:featuredmedia":[{"embeddable":true,"href":"https:\/\/www.ofismer.com\/index.php\/wp-json\/wp\/v2\/media\/283"}],"wp:attachment":[{"href":"https:\/\/www.ofismer.com\/index.php\/wp-json\/wp\/v2\/media?parent=27120"}],"wp:term":[{"taxonomy":"product_brand","embeddable":true,"href":"https:\/\/www.ofismer.com\/index.php\/wp-json\/wp\/v2\/product_brand?post=27120"},{"taxonomy":"product_cat","embeddable":true,"href":"https:\/\/www.ofismer.com\/index.php\/wp-json\/wp\/v2\/product_cat?post=27120"},{"taxonomy":"product_tag","embeddable":true,"href":"https:\/\/www.ofismer.com\/index.php\/wp-json\/wp\/v2\/product_tag?post=27120"}],"curies":[{"name":"wp","href":"https:\/\/api.w.org\/{rel}","templated":true}]}}