{"id":27239,"date":"2025-05-17T10:40:23","date_gmt":"2025-05-17T10:40:23","guid":{"rendered":"https:\/\/www.ofismer.com\/?post_type=product&#038;p=27239"},"modified":"2026-02-09T14:09:35","modified_gmt":"2026-02-09T14:09:35","slug":"alpi-x-dolap","status":"publish","type":"product","link":"https:\/\/www.ofismer.com\/index.php\/urun\/alpi-x-dolap\/","title":{"rendered":"Alpi X dolap"},"content":{"rendered":"<p><strong data-start=\"457\" data-end=\"473\">Alpi X Dolap<\/strong>, modern ofisler i\u00e7in tasarlanm\u0131\u015f geni\u015f ve fonksiyonel bir depolama \u00e7\u00f6z\u00fcm\u00fcd\u00fcr. Dayan\u0131kl\u0131 malzemeleri ve \u015f\u0131k tasar\u0131m\u0131yla hem estetik hem de pratik kullan\u0131m sunar. Dosya ve evraklar\u0131n\u0131z\u0131 d\u00fczenli tutmak i\u00e7in ideal olan Alpi X dolap, ofisinizde profesyonel bir d\u00fczen sa\u011flar. Fonksiyonel i\u00e7 yap\u0131s\u0131 sayesinde i\u015f ak\u0131\u015f\u0131n\u0131z\u0131 kolayla\u015ft\u0131r\u0131r ve \u00e7al\u0131\u015fma ortam\u0131n\u0131z\u0131 d\u00fczenler.<\/p>\n","protected":false},"excerpt":{"rendered":"<p>Alpi X dolap, \u015f\u0131k tasar\u0131m\u0131 ve geni\u015f depolama alan\u0131 ile ofisinizin d\u00fczenini sa\u011flar. Fonksiyonel ve dayan\u0131kl\u0131 ofis dolab\u0131 se\u00e7ene\u011fi.<\/p>\n","protected":false},"featured_media":18,"comment_status":"open","ping_status":"closed","template":"","meta":[],"product_brand":[],"product_cat":[248],"product_tag":[313],"class_list":{"0":"post-27239","1":"product","2":"type-product","3":"status-publish","4":"has-post-thumbnail","6":"product_cat-ofis-dolaplari","7":"product_tag-alpi-dolap","9":"first","10":"instock","11":"taxable","12":"shipping-taxable","13":"purchasable","14":"product-type-variable"},"_links":{"self":[{"href":"https:\/\/www.ofismer.com\/index.php\/wp-json\/wp\/v2\/product\/27239","targetHints":{"allow":["GET"]}}],"collection":[{"href":"https:\/\/www.ofismer.com\/index.php\/wp-json\/wp\/v2\/product"}],"about":[{"href":"https:\/\/www.ofismer.com\/index.php\/wp-json\/wp\/v2\/types\/product"}],"replies":[{"embeddable":true,"href":"https:\/\/www.ofismer.com\/index.php\/wp-json\/wp\/v2\/comments?post=27239"}],"version-history":[{"count":0,"href":"https:\/\/www.ofismer.com\/index.php\/wp-json\/wp\/v2\/product\/27239\/revisions"}],"wp:featuredmedia":[{"embeddable":true,"href":"https:\/\/www.ofismer.com\/index.php\/wp-json\/wp\/v2\/media\/18"}],"wp:attachment":[{"href":"https:\/\/www.ofismer.com\/index.php\/wp-json\/wp\/v2\/media?parent=27239"}],"wp:term":[{"taxonomy":"product_brand","embeddable":true,"href":"https:\/\/www.ofismer.com\/index.php\/wp-json\/wp\/v2\/product_brand?post=27239"},{"taxonomy":"product_cat","embeddable":true,"href":"https:\/\/www.ofismer.com\/index.php\/wp-json\/wp\/v2\/product_cat?post=27239"},{"taxonomy":"product_tag","embeddable":true,"href":"https:\/\/www.ofismer.com\/index.php\/wp-json\/wp\/v2\/product_tag?post=27239"}],"curies":[{"name":"wp","href":"https:\/\/api.w.org\/{rel}","templated":true}]}}