{"id":27331,"date":"2025-05-17T14:59:17","date_gmt":"2025-05-17T14:59:17","guid":{"rendered":"https:\/\/www.ofismer.com\/?post_type=product&#038;p=27331"},"modified":"2026-02-09T14:02:12","modified_gmt":"2026-02-09T14:02:12","slug":"exen-dolap","status":"publish","type":"product","link":"https:\/\/www.ofismer.com\/index.php\/urun\/exen-dolap\/","title":{"rendered":"Exen dolap"},"content":{"rendered":"<p><strong data-start=\"468\" data-end=\"482\">Exen Dolap<\/strong>, modern ofisler i\u00e7in tasarlanm\u0131\u015f kullan\u0131\u015fl\u0131 ve estetik bir depolama \u00fcnitesidir. Kaliteli malzemeleri ve sa\u011flam yap\u0131s\u0131yla uzun s\u00fcreli kullan\u0131m imkan\u0131 verir. Geni\u015f i\u00e7 hacmi sayesinde evrak ve dosyalar\u0131n\u0131z\u0131 d\u00fczenli tutman\u0131z\u0131 sa\u011flar. Exen dolap, ofisinizin profesyonel g\u00f6r\u00fcn\u00fcm\u00fcn\u00fc tamamlayan fonksiyonel bir \u00e7\u00f6z\u00fcmd\u00fcr.<\/p>\n","protected":false},"excerpt":{"rendered":"<p>Exen dolap, \u015f\u0131k tasar\u0131m\u0131 ve geni\u015f depolama alan\u0131yla ofisinizde d\u00fczen sa\u011flar. Dayan\u0131kl\u0131 yap\u0131s\u0131 ve fonksiyonelli\u011fi ile uzun \u00f6m\u00fcrl\u00fc kullan\u0131m sunar.<\/p>\n","protected":false},"featured_media":179,"comment_status":"open","ping_status":"closed","template":"","meta":[],"product_brand":[],"product_cat":[248],"product_tag":[321],"class_list":{"0":"post-27331","1":"product","2":"type-product","3":"status-publish","4":"has-post-thumbnail","6":"product_cat-ofis-dolaplari","7":"product_tag-exen-dolap","9":"first","10":"instock","11":"taxable","12":"shipping-taxable","13":"purchasable","14":"product-type-variable"},"_links":{"self":[{"href":"https:\/\/www.ofismer.com\/index.php\/wp-json\/wp\/v2\/product\/27331","targetHints":{"allow":["GET"]}}],"collection":[{"href":"https:\/\/www.ofismer.com\/index.php\/wp-json\/wp\/v2\/product"}],"about":[{"href":"https:\/\/www.ofismer.com\/index.php\/wp-json\/wp\/v2\/types\/product"}],"replies":[{"embeddable":true,"href":"https:\/\/www.ofismer.com\/index.php\/wp-json\/wp\/v2\/comments?post=27331"}],"version-history":[{"count":0,"href":"https:\/\/www.ofismer.com\/index.php\/wp-json\/wp\/v2\/product\/27331\/revisions"}],"wp:featuredmedia":[{"embeddable":true,"href":"https:\/\/www.ofismer.com\/index.php\/wp-json\/wp\/v2\/media\/179"}],"wp:attachment":[{"href":"https:\/\/www.ofismer.com\/index.php\/wp-json\/wp\/v2\/media?parent=27331"}],"wp:term":[{"taxonomy":"product_brand","embeddable":true,"href":"https:\/\/www.ofismer.com\/index.php\/wp-json\/wp\/v2\/product_brand?post=27331"},{"taxonomy":"product_cat","embeddable":true,"href":"https:\/\/www.ofismer.com\/index.php\/wp-json\/wp\/v2\/product_cat?post=27331"},{"taxonomy":"product_tag","embeddable":true,"href":"https:\/\/www.ofismer.com\/index.php\/wp-json\/wp\/v2\/product_tag?post=27331"}],"curies":[{"name":"wp","href":"https:\/\/api.w.org\/{rel}","templated":true}]}}