{"id":27498,"date":"2025-05-19T08:46:36","date_gmt":"2025-05-19T08:46:36","guid":{"rendered":"https:\/\/www.ofismer.com\/?post_type=product&#038;p=27498"},"modified":"2026-02-09T13:51:23","modified_gmt":"2026-02-09T13:51:23","slug":"trend-q-yuvarlak-toplanti-masasi","status":"publish","type":"product","link":"https:\/\/www.ofismer.com\/index.php\/urun\/trend-q-yuvarlak-toplanti-masasi\/","title":{"rendered":"Trend Q yuvarlak toplant\u0131 masas\u0131"},"content":{"rendered":"<p><strong data-start=\"528\" data-end=\"564\">Trend Q Yuvarlak Toplant\u0131 Masas\u0131<\/strong>, \u00e7a\u011fda\u015f ofisler i\u00e7in \u00f6zel olarak tasarlanm\u0131\u015f, \u015f\u0131k ve fonksiyonel bir toplant\u0131 masas\u0131d\u0131r. Yuvarlak formu sayesinde ileti\u015fimi kolayla\u015ft\u0131r\u0131r ve ekip toplant\u0131lar\u0131nda e\u015fitlik sa\u011flar. Dayan\u0131kl\u0131 malzemelerden \u00fcretilmi\u015f olup, uzun \u00f6m\u00fcrl\u00fc kullan\u0131m sunar. Kompakt yap\u0131s\u0131 ile k\u00fc\u00e7\u00fck ve orta b\u00fcy\u00fckl\u00fckteki ofisler i\u00e7in ideal bir se\u00e7imdir. Estetik ve modern \u00e7izgileriyle ofis dekorasyonunuza zarif bir dokunu\u015f katar.<\/p>\n","protected":false},"excerpt":{"rendered":"<p>Trend Q yuvarlak toplant\u0131 masas\u0131, modern tasar\u0131m\u0131 ve dayan\u0131kl\u0131 yap\u0131s\u0131yla ofis toplant\u0131lar\u0131n\u0131zda konfor ve estetik sa\u011flar. Kompakt ve kullan\u0131\u015fl\u0131 ofis mobilyas\u0131.<\/p>\n","protected":false},"featured_media":273,"comment_status":"open","ping_status":"closed","template":"","meta":[],"product_brand":[],"product_cat":[103],"product_tag":[333,334],"class_list":{"0":"post-27498","1":"product","2":"type-product","3":"status-publish","4":"has-post-thumbnail","6":"product_cat-toplanti-masalari","7":"product_tag-trend","8":"product_tag-trend-toplanti","10":"first","11":"instock","12":"taxable","13":"shipping-taxable","14":"purchasable","15":"product-type-variable"},"_links":{"self":[{"href":"https:\/\/www.ofismer.com\/index.php\/wp-json\/wp\/v2\/product\/27498","targetHints":{"allow":["GET"]}}],"collection":[{"href":"https:\/\/www.ofismer.com\/index.php\/wp-json\/wp\/v2\/product"}],"about":[{"href":"https:\/\/www.ofismer.com\/index.php\/wp-json\/wp\/v2\/types\/product"}],"replies":[{"embeddable":true,"href":"https:\/\/www.ofismer.com\/index.php\/wp-json\/wp\/v2\/comments?post=27498"}],"version-history":[{"count":0,"href":"https:\/\/www.ofismer.com\/index.php\/wp-json\/wp\/v2\/product\/27498\/revisions"}],"wp:featuredmedia":[{"embeddable":true,"href":"https:\/\/www.ofismer.com\/index.php\/wp-json\/wp\/v2\/media\/273"}],"wp:attachment":[{"href":"https:\/\/www.ofismer.com\/index.php\/wp-json\/wp\/v2\/media?parent=27498"}],"wp:term":[{"taxonomy":"product_brand","embeddable":true,"href":"https:\/\/www.ofismer.com\/index.php\/wp-json\/wp\/v2\/product_brand?post=27498"},{"taxonomy":"product_cat","embeddable":true,"href":"https:\/\/www.ofismer.com\/index.php\/wp-json\/wp\/v2\/product_cat?post=27498"},{"taxonomy":"product_tag","embeddable":true,"href":"https:\/\/www.ofismer.com\/index.php\/wp-json\/wp\/v2\/product_tag?post=27498"}],"curies":[{"name":"wp","href":"https:\/\/api.w.org\/{rel}","templated":true}]}}