{"id":27510,"date":"2025-05-19T08:52:37","date_gmt":"2025-05-19T08:52:37","guid":{"rendered":"https:\/\/www.ofismer.com\/?post_type=product&#038;p=27510"},"modified":"2026-02-09T13:50:42","modified_gmt":"2026-02-09T13:50:42","slug":"trend-toplanti-masasi","status":"publish","type":"product","link":"https:\/\/www.ofismer.com\/index.php\/urun\/trend-toplanti-masasi\/","title":{"rendered":"Trend toplant\u0131 masas\u0131"},"content":{"rendered":"<p><strong data-start=\"494\" data-end=\"519\">Trend Toplant\u0131 Masas\u0131<\/strong>, modern ofisler i\u00e7in tasarlanm\u0131\u015f, fonksiyonel ve \u015f\u0131k bir toplant\u0131 masas\u0131d\u0131r. Sa\u011flam malzemelerden \u00fcretilen bu masa, geni\u015f y\u00fczeyi sayesinde ekip \u00e7al\u0131\u015fmalar\u0131nda rahatl\u0131k sunar. Estetik \u00e7izgileri ve dayan\u0131kl\u0131 yap\u0131s\u0131yla uzun \u00f6m\u00fcrl\u00fc kullan\u0131m sa\u011flar. Ofis dekorasyonunuza profesyonel bir dokunu\u015f katan Trend serisi ile uyumlu mobilyalarla birlikte m\u00fckemmel bir tamamlay\u0131c\u0131d\u0131r.<\/p>\n","protected":false},"excerpt":{"rendered":"<p>Trend toplant\u0131 masas\u0131, \u015f\u0131k tasar\u0131m\u0131 ve dayan\u0131kl\u0131 yap\u0131s\u0131yla ofis toplant\u0131lar\u0131n\u0131zda konfor ve verimlilik sa\u011flar. Estetik ve kullan\u0131\u015fl\u0131 ofis mobilyas\u0131.<\/p>\n","protected":false},"featured_media":269,"comment_status":"open","ping_status":"closed","template":"","meta":[],"product_brand":[],"product_cat":[103],"product_tag":[324,333],"class_list":{"0":"post-27510","1":"product","2":"type-product","3":"status-publish","4":"has-post-thumbnail","6":"product_cat-toplanti-masalari","7":"product_tag-toplanti-masasi","8":"product_tag-trend","10":"first","11":"instock","12":"taxable","13":"shipping-taxable","14":"purchasable","15":"product-type-variable"},"_links":{"self":[{"href":"https:\/\/www.ofismer.com\/index.php\/wp-json\/wp\/v2\/product\/27510","targetHints":{"allow":["GET"]}}],"collection":[{"href":"https:\/\/www.ofismer.com\/index.php\/wp-json\/wp\/v2\/product"}],"about":[{"href":"https:\/\/www.ofismer.com\/index.php\/wp-json\/wp\/v2\/types\/product"}],"replies":[{"embeddable":true,"href":"https:\/\/www.ofismer.com\/index.php\/wp-json\/wp\/v2\/comments?post=27510"}],"version-history":[{"count":0,"href":"https:\/\/www.ofismer.com\/index.php\/wp-json\/wp\/v2\/product\/27510\/revisions"}],"wp:featuredmedia":[{"embeddable":true,"href":"https:\/\/www.ofismer.com\/index.php\/wp-json\/wp\/v2\/media\/269"}],"wp:attachment":[{"href":"https:\/\/www.ofismer.com\/index.php\/wp-json\/wp\/v2\/media?parent=27510"}],"wp:term":[{"taxonomy":"product_brand","embeddable":true,"href":"https:\/\/www.ofismer.com\/index.php\/wp-json\/wp\/v2\/product_brand?post=27510"},{"taxonomy":"product_cat","embeddable":true,"href":"https:\/\/www.ofismer.com\/index.php\/wp-json\/wp\/v2\/product_cat?post=27510"},{"taxonomy":"product_tag","embeddable":true,"href":"https:\/\/www.ofismer.com\/index.php\/wp-json\/wp\/v2\/product_tag?post=27510"}],"curies":[{"name":"wp","href":"https:\/\/api.w.org\/{rel}","templated":true}]}}