{"id":27639,"date":"2025-05-19T11:34:03","date_gmt":"2025-05-19T11:34:03","guid":{"rendered":"https:\/\/www.ofismer.com\/?post_type=product&#038;p=27639"},"modified":"2026-02-09T13:11:54","modified_gmt":"2026-02-09T13:11:54","slug":"80lik-kapakli-dosya-dolabi","status":"publish","type":"product","link":"https:\/\/www.ofismer.com\/index.php\/urun\/80lik-kapakli-dosya-dolabi\/","title":{"rendered":"120&#8217;lik yar\u0131m kapakl\u0131 dosya dolab\u0131"},"content":{"rendered":"","protected":false},"excerpt":{"rendered":"","protected":false},"featured_media":104,"comment_status":"open","ping_status":"closed","template":"","meta":[],"product_brand":[],"product_cat":[342],"product_tag":[348],"class_list":{"0":"post-27639","1":"product","2":"type-product","3":"status-publish","4":"has-post-thumbnail","6":"product_cat-dosya-dolaplari","7":"product_tag-120lik-yarim-kapakli-dosya-dolabi","9":"first","10":"instock","11":"taxable","12":"shipping-taxable","13":"purchasable","14":"product-type-variable","15":"has-default-attributes"},"_links":{"self":[{"href":"https:\/\/www.ofismer.com\/index.php\/wp-json\/wp\/v2\/product\/27639","targetHints":{"allow":["GET"]}}],"collection":[{"href":"https:\/\/www.ofismer.com\/index.php\/wp-json\/wp\/v2\/product"}],"about":[{"href":"https:\/\/www.ofismer.com\/index.php\/wp-json\/wp\/v2\/types\/product"}],"replies":[{"embeddable":true,"href":"https:\/\/www.ofismer.com\/index.php\/wp-json\/wp\/v2\/comments?post=27639"}],"version-history":[{"count":0,"href":"https:\/\/www.ofismer.com\/index.php\/wp-json\/wp\/v2\/product\/27639\/revisions"}],"wp:featuredmedia":[{"embeddable":true,"href":"https:\/\/www.ofismer.com\/index.php\/wp-json\/wp\/v2\/media\/104"}],"wp:attachment":[{"href":"https:\/\/www.ofismer.com\/index.php\/wp-json\/wp\/v2\/media?parent=27639"}],"wp:term":[{"taxonomy":"product_brand","embeddable":true,"href":"https:\/\/www.ofismer.com\/index.php\/wp-json\/wp\/v2\/product_brand?post=27639"},{"taxonomy":"product_cat","embeddable":true,"href":"https:\/\/www.ofismer.com\/index.php\/wp-json\/wp\/v2\/product_cat?post=27639"},{"taxonomy":"product_tag","embeddable":true,"href":"https:\/\/www.ofismer.com\/index.php\/wp-json\/wp\/v2\/product_tag?post=27639"}],"curies":[{"name":"wp","href":"https:\/\/api.w.org\/{rel}","templated":true}]}}