{"id":28943,"date":"2025-05-24T13:10:57","date_gmt":"2025-05-24T13:10:57","guid":{"rendered":"https:\/\/www.ofismer.com\/?post_type=product&#038;p=28943"},"modified":"2026-05-09T12:10:03","modified_gmt":"2026-05-09T12:10:03","slug":"albina-fileli-koltuk-basliksiz-siyah","status":"publish","type":"product","link":"https:\/\/www.ofismer.com\/index.php\/urun\/albina-fileli-koltuk-basliksiz-siyah\/","title":{"rendered":"Albina Fileli Koltuk &#8211; Ba\u015fl\u0131ks\u0131z"},"content":{"rendered":"","protected":false},"excerpt":{"rendered":"","protected":false},"featured_media":29901,"comment_status":"open","ping_status":"closed","template":"","meta":[],"product_brand":[],"product_cat":[379,419,402,117],"product_tag":[],"class_list":{"0":"post-28943","1":"product","2":"type-product","3":"status-publish","4":"has-post-thumbnail","6":"product_cat-fileli-koltuklar","7":"product_cat-calisma-sandalyeleri","8":"product_cat-sef-toplanti-koltuklari","9":"product_cat-urunler","11":"first","12":"instock","13":"sale","14":"taxable","15":"shipping-taxable","16":"purchasable","17":"product-type-variable","18":"has-default-attributes"},"_links":{"self":[{"href":"https:\/\/www.ofismer.com\/index.php\/wp-json\/wp\/v2\/product\/28943","targetHints":{"allow":["GET"]}}],"collection":[{"href":"https:\/\/www.ofismer.com\/index.php\/wp-json\/wp\/v2\/product"}],"about":[{"href":"https:\/\/www.ofismer.com\/index.php\/wp-json\/wp\/v2\/types\/product"}],"replies":[{"embeddable":true,"href":"https:\/\/www.ofismer.com\/index.php\/wp-json\/wp\/v2\/comments?post=28943"}],"version-history":[{"count":2,"href":"https:\/\/www.ofismer.com\/index.php\/wp-json\/wp\/v2\/product\/28943\/revisions"}],"predecessor-version":[{"id":29905,"href":"https:\/\/www.ofismer.com\/index.php\/wp-json\/wp\/v2\/product\/28943\/revisions\/29905"}],"wp:featuredmedia":[{"embeddable":true,"href":"https:\/\/www.ofismer.com\/index.php\/wp-json\/wp\/v2\/media\/29901"}],"wp:attachment":[{"href":"https:\/\/www.ofismer.com\/index.php\/wp-json\/wp\/v2\/media?parent=28943"}],"wp:term":[{"taxonomy":"product_brand","embeddable":true,"href":"https:\/\/www.ofismer.com\/index.php\/wp-json\/wp\/v2\/product_brand?post=28943"},{"taxonomy":"product_cat","embeddable":true,"href":"https:\/\/www.ofismer.com\/index.php\/wp-json\/wp\/v2\/product_cat?post=28943"},{"taxonomy":"product_tag","embeddable":true,"href":"https:\/\/www.ofismer.com\/index.php\/wp-json\/wp\/v2\/product_tag?post=28943"}],"curies":[{"name":"wp","href":"https:\/\/api.w.org\/{rel}","templated":true}]}}