{"id":29669,"date":"2025-10-06T18:23:37","date_gmt":"2025-10-06T18:23:37","guid":{"rendered":"https:\/\/www.ofismer.com\/?post_type=product&#038;p=29669"},"modified":"2026-01-03T14:32:48","modified_gmt":"2026-01-03T14:32:48","slug":"ritim-etajerli-calisma-masasi","status":"publish","type":"product","link":"https:\/\/www.ofismer.com\/index.php\/urun\/ritim-etajerli-calisma-masasi\/","title":{"rendered":"Ritim etajerli \u00e7al\u0131\u015fma masas\u0131"},"content":{"rendered":"<p>Yeni nesil ofislerin dinamik ihtiya\u00e7lar\u0131na \u00f6zel geli\u015ftirilen R\u0130T\u0130M personel tak\u0131m\u0131, yal\u0131n \u00e7izgileri ve estetik tasar\u0131m\u0131 ile modern \u00e7al\u0131\u015fma alanlar\u0131na yepyeni bir ritim getiriyor.<br \/>\nMinimal tasar\u0131m anlay\u0131\u015f\u0131n\u0131 teknolojiyle bulu\u015fturan R\u0130T\u0130M, radiuslu k\u00f6\u015fe detaylar\u0131na sahip masa tablas\u0131, uzay\u0131p k\u0131salabilen masa alt\u0131 \u00e7er\u00e7evesi ve lazer kesim sac dekoratif perde gibi \u00f6ne \u00e7\u0131kan \u00f6zellikleriyle hem ergonomiyi hem esteti\u011fi bir arada sunuyor.<br \/>\n\u0130htiyaca g\u00f6re \u015fekillenen R\u0130T\u0130M, hem saklama alan\u0131 sa\u011flayan etajerli modeliyle hem de sade \u00e7izgileriyle \u00f6ne \u00e7\u0131kan d\u00f6rt ayakl\u0131 versiyonuyla ofisinizde size alan kazand\u0131r\u0131r.&#8221;<\/p>\n","protected":false},"excerpt":{"rendered":"<p>Yeni nesil ofislerin dinamik ihtiya\u00e7lar\u0131na \u00f6zel geli\u015ftirilen R\u0130T\u0130M personel tak\u0131m\u0131, yal\u0131n \u00e7izgileri ve estetik tasar\u0131m\u0131 ile modern \u00e7al\u0131\u015fma alanlar\u0131na yepyeni<\/p>\n","protected":false},"featured_media":29674,"comment_status":"open","ping_status":"closed","template":"","meta":[],"product_brand":[],"product_cat":[97,117],"product_tag":[449,327],"class_list":{"0":"post-29669","1":"product","2":"type-product","3":"status-publish","4":"has-post-thumbnail","6":"product_cat-calisma-masalari","7":"product_cat-urunler","8":"product_tag-calisma-masasi","9":"product_tag-ritim","11":"first","12":"instock","13":"taxable","14":"shipping-taxable","15":"purchasable","16":"product-type-variable","17":"has-default-attributes"},"_links":{"self":[{"href":"https:\/\/www.ofismer.com\/index.php\/wp-json\/wp\/v2\/product\/29669","targetHints":{"allow":["GET"]}}],"collection":[{"href":"https:\/\/www.ofismer.com\/index.php\/wp-json\/wp\/v2\/product"}],"about":[{"href":"https:\/\/www.ofismer.com\/index.php\/wp-json\/wp\/v2\/types\/product"}],"replies":[{"embeddable":true,"href":"https:\/\/www.ofismer.com\/index.php\/wp-json\/wp\/v2\/comments?post=29669"}],"version-history":[{"count":1,"href":"https:\/\/www.ofismer.com\/index.php\/wp-json\/wp\/v2\/product\/29669\/revisions"}],"predecessor-version":[{"id":29705,"href":"https:\/\/www.ofismer.com\/index.php\/wp-json\/wp\/v2\/product\/29669\/revisions\/29705"}],"wp:featuredmedia":[{"embeddable":true,"href":"https:\/\/www.ofismer.com\/index.php\/wp-json\/wp\/v2\/media\/29674"}],"wp:attachment":[{"href":"https:\/\/www.ofismer.com\/index.php\/wp-json\/wp\/v2\/media?parent=29669"}],"wp:term":[{"taxonomy":"product_brand","embeddable":true,"href":"https:\/\/www.ofismer.com\/index.php\/wp-json\/wp\/v2\/product_brand?post=29669"},{"taxonomy":"product_cat","embeddable":true,"href":"https:\/\/www.ofismer.com\/index.php\/wp-json\/wp\/v2\/product_cat?post=29669"},{"taxonomy":"product_tag","embeddable":true,"href":"https:\/\/www.ofismer.com\/index.php\/wp-json\/wp\/v2\/product_tag?post=29669"}],"curies":[{"name":"wp","href":"https:\/\/api.w.org\/{rel}","templated":true}]}}