{"id":29706,"date":"2025-10-06T18:33:45","date_gmt":"2025-10-06T18:33:45","guid":{"rendered":"https:\/\/www.ofismer.com\/?post_type=product&#038;p=29706"},"modified":"2026-01-03T14:50:01","modified_gmt":"2026-01-03T14:50:01","slug":"soft-etajerli-calisma-masasi","status":"publish","type":"product","link":"https:\/\/www.ofismer.com\/index.php\/urun\/soft-etajerli-calisma-masasi\/","title":{"rendered":"Soft etajerli \u00e7al\u0131\u015fma masas\u0131"},"content":{"rendered":"<p>Yal\u0131n tasar\u0131m anlay\u0131\u015f\u0131yla \u00f6ne \u00e7\u0131kan SOFT personel tak\u0131m\u0131, modern ofislerin ihtiya\u00e7 duydu\u011fu hem estetik hem fonksiyonel \u00e7\u00f6z\u00fcmleri bir arada sunar. Tak\u0131m\u0131n karakteristik ayaklar\u0131, elips formunda \u015fekillendirilmi\u015f \u00e7ift renkli profillerden olu\u015furken, bu profil yap\u0131s\u0131 mek\u00e2na hem ak\u0131\u015fkan bir g\u00f6r\u00fcn\u00fcm hem de zarif bir dinamizm kazand\u0131r\u0131r.Ayak ile masa tablas\u0131 birle\u015fiminde kullan\u0131lan al\u00fcminyum d\u00f6k\u00fcm k\u00f6\u015fe mod\u00fcl\u00fc, tasar\u0131m\u0131n hem teknik sa\u011flaml\u0131\u011f\u0131n\u0131 hem de g\u00f6rsel b\u00fct\u00fcnl\u00fc\u011f\u00fcn\u00fc g\u00fc\u00e7lendirir. Yumu\u015fak ge\u00e7i\u015flerle tasarlanm\u0131\u015f formu sayesinde, SOFT hem bireysel ofislerde hem de a\u00e7\u0131k \u00e7al\u0131\u015fma alanlar\u0131nda kolayca konumland\u0131r\u0131labilir.<\/p>\n","protected":false},"excerpt":{"rendered":"<p>Yal\u0131n tasar\u0131m anlay\u0131\u015f\u0131yla \u00f6ne \u00e7\u0131kan SOFT personel tak\u0131m\u0131, modern ofislerin ihtiya\u00e7 duydu\u011fu hem estetik hem fonksiyonel \u00e7\u00f6z\u00fcmleri bir arada sunar.<\/p>\n","protected":false},"featured_media":29707,"comment_status":"open","ping_status":"closed","template":"","meta":[],"product_brand":[],"product_cat":[97,117],"product_tag":[449,452],"class_list":{"0":"post-29706","1":"product","2":"type-product","3":"status-publish","4":"has-post-thumbnail","6":"product_cat-calisma-masalari","7":"product_cat-urunler","8":"product_tag-calisma-masasi","9":"product_tag-soft","11":"first","12":"instock","13":"taxable","14":"shipping-taxable","15":"purchasable","16":"product-type-variable","17":"has-default-attributes"},"_links":{"self":[{"href":"https:\/\/www.ofismer.com\/index.php\/wp-json\/wp\/v2\/product\/29706","targetHints":{"allow":["GET"]}}],"collection":[{"href":"https:\/\/www.ofismer.com\/index.php\/wp-json\/wp\/v2\/product"}],"about":[{"href":"https:\/\/www.ofismer.com\/index.php\/wp-json\/wp\/v2\/types\/product"}],"replies":[{"embeddable":true,"href":"https:\/\/www.ofismer.com\/index.php\/wp-json\/wp\/v2\/comments?post=29706"}],"version-history":[{"count":2,"href":"https:\/\/www.ofismer.com\/index.php\/wp-json\/wp\/v2\/product\/29706\/revisions"}],"predecessor-version":[{"id":29718,"href":"https:\/\/www.ofismer.com\/index.php\/wp-json\/wp\/v2\/product\/29706\/revisions\/29718"}],"wp:featuredmedia":[{"embeddable":true,"href":"https:\/\/www.ofismer.com\/index.php\/wp-json\/wp\/v2\/media\/29707"}],"wp:attachment":[{"href":"https:\/\/www.ofismer.com\/index.php\/wp-json\/wp\/v2\/media?parent=29706"}],"wp:term":[{"taxonomy":"product_brand","embeddable":true,"href":"https:\/\/www.ofismer.com\/index.php\/wp-json\/wp\/v2\/product_brand?post=29706"},{"taxonomy":"product_cat","embeddable":true,"href":"https:\/\/www.ofismer.com\/index.php\/wp-json\/wp\/v2\/product_cat?post=29706"},{"taxonomy":"product_tag","embeddable":true,"href":"https:\/\/www.ofismer.com\/index.php\/wp-json\/wp\/v2\/product_tag?post=29706"}],"curies":[{"name":"wp","href":"https:\/\/api.w.org\/{rel}","templated":true}]}}