{"id":30344,"date":"2026-01-01T08:09:39","date_gmt":"2026-01-01T08:09:39","guid":{"rendered":"https:\/\/www.ofismer.com\/?post_type=product&#038;p=30344"},"modified":"2026-01-01T08:10:33","modified_gmt":"2026-01-01T08:10:33","slug":"arch-kolsuz-calisma-koltugu","status":"publish","type":"product","link":"https:\/\/www.ofismer.com\/index.php\/urun\/arch-kolsuz-calisma-koltugu\/","title":{"rendered":"Arch Kolsuz \u00c7al\u0131\u015fma Koltu\u011fu"},"content":{"rendered":"","protected":false},"excerpt":{"rendered":"","protected":false},"featured_media":30345,"comment_status":"open","ping_status":"closed","template":"","meta":[],"product_brand":[],"product_cat":[419,402,117],"product_tag":[],"class_list":{"0":"post-30344","1":"product","2":"type-product","3":"status-publish","4":"has-post-thumbnail","6":"product_cat-calisma-sandalyeleri","7":"product_cat-sef-toplanti-koltuklari","8":"product_cat-urunler","10":"first","11":"instock","12":"taxable","13":"shipping-taxable","14":"purchasable","15":"product-type-variable","16":"has-default-attributes"},"_links":{"self":[{"href":"https:\/\/www.ofismer.com\/index.php\/wp-json\/wp\/v2\/product\/30344","targetHints":{"allow":["GET"]}}],"collection":[{"href":"https:\/\/www.ofismer.com\/index.php\/wp-json\/wp\/v2\/product"}],"about":[{"href":"https:\/\/www.ofismer.com\/index.php\/wp-json\/wp\/v2\/types\/product"}],"replies":[{"embeddable":true,"href":"https:\/\/www.ofismer.com\/index.php\/wp-json\/wp\/v2\/comments?post=30344"}],"version-history":[{"count":1,"href":"https:\/\/www.ofismer.com\/index.php\/wp-json\/wp\/v2\/product\/30344\/revisions"}],"predecessor-version":[{"id":30356,"href":"https:\/\/www.ofismer.com\/index.php\/wp-json\/wp\/v2\/product\/30344\/revisions\/30356"}],"wp:featuredmedia":[{"embeddable":true,"href":"https:\/\/www.ofismer.com\/index.php\/wp-json\/wp\/v2\/media\/30345"}],"wp:attachment":[{"href":"https:\/\/www.ofismer.com\/index.php\/wp-json\/wp\/v2\/media?parent=30344"}],"wp:term":[{"taxonomy":"product_brand","embeddable":true,"href":"https:\/\/www.ofismer.com\/index.php\/wp-json\/wp\/v2\/product_brand?post=30344"},{"taxonomy":"product_cat","embeddable":true,"href":"https:\/\/www.ofismer.com\/index.php\/wp-json\/wp\/v2\/product_cat?post=30344"},{"taxonomy":"product_tag","embeddable":true,"href":"https:\/\/www.ofismer.com\/index.php\/wp-json\/wp\/v2\/product_tag?post=30344"}],"curies":[{"name":"wp","href":"https:\/\/api.w.org\/{rel}","templated":true}]}}